{"id":1995,"date":"2023-04-22T10:06:01","date_gmt":"2023-04-22T10:06:01","guid":{"rendered":"https:\/\/sites.uab.pt\/seminario-alv-senior-2023\/?page_id=1995"},"modified":"2023-05-17T21:31:23","modified_gmt":"2023-05-17T21:31:23","slug":"programa","status":"publish","type":"page","link":"https:\/\/sites.uab.pt\/seminario-alv-senior-2023\/programa\/","title":{"rendered":"Programa"},"content":{"rendered":"\n<h2 class=\"wp-block-heading\">| 26 maio 2023 | <\/h2>\n\n\n\n<div class=\"wp-block-c3-framew-gutenbergblocks-timeline schedule\"><div class=\"gbt-timeline-title-wrapper\"><div class=\"gbt-timeline-title tt-title\"><em><strong>Aprendizagem ao Longo da Vida S\u00e9nior &#8211; Vivendo e aprendendo @tivamente<\/strong><\/em><br> <\/div><\/div><ul class=\"gbt-timeline-content-wrapper\">\n<li style=\"--timeline-color:#6a0716\"><div class=\"gbt-timeline-event-title-wrapper\"><div class=\"gbt-timeline-event-title time-title\"><strong>08h45 &#8211; Rece\u00e7\u00e3o dos participantes<\/strong><\/div><\/div><div class=\"gbt-timeline-event-content-wrapper\"><\/div><\/li>\n\n\n\n<li style=\"--timeline-color:#6a0716\"><div class=\"gbt-timeline-event-title-wrapper\"><div class=\"gbt-timeline-event-title time-title\"><strong>09h00 &#8211; Sess\u00e3o de Abertura<\/strong><\/div><\/div><div class=\"gbt-timeline-event-content-wrapper\">\n<p><\/p>\n\n\n\n<ul class=\"wp-block-list\">\n<li>Carla Padrel de Oliveira (Reitora \/ Univ. Aberta)<\/li>\n\n\n\n<li>Jos\u00e9 Eduardo Franco (Centro de Estudos Globais \/ Univ. Aberta)<\/li>\n\n\n\n<li>Fernando Caetano&nbsp; (Diretor da UALV \/ Univ. Aberta)<\/li>\n<\/ul>\n<\/div><\/li>\n\n\n\n<li style=\"--timeline-color:#6a0716\"><div class=\"gbt-timeline-event-title-wrapper\"><div class=\"gbt-timeline-event-title time-title\"><strong>09h15 &#8211; Palestras<\/strong><\/div><\/div><div class=\"gbt-timeline-event-content-wrapper\">\n<p><em>Modera\u00e7\u00e3o<\/em>: Fernando Caetano&nbsp; (Diretor da UALV \/ Univ. Aberta)<\/p>\n\n\n\n<ul class=\"wp-block-list\">\n<li>A ALV como pilar do envelhecimento ativo &#8211; Alexandre Kalache (Instituto da Longevidade, Brasil)<\/li>\n\n\n\n<li>UNED S\u00c9NIOR: um percurso consolidado no panorama espanhol \u2013 No\u00e9lia Corral Maraver (Reitoria da UNED)<\/li>\n<\/ul>\n<\/div><\/li>\n\n\n\n<li style=\"--timeline-color:#6a0716\"><div class=\"gbt-timeline-event-title-wrapper\"><div class=\"gbt-timeline-event-title time-title\"><strong>10h30 &#8211; Coffee break<\/strong><\/div><\/div><div class=\"gbt-timeline-event-content-wrapper\"><\/div><\/li>\n\n\n\n<li style=\"--timeline-color:#6a0716\"><div class=\"gbt-timeline-event-title-wrapper\"><div class=\"gbt-timeline-event-title time-title\"><strong>10h45 &#8211; Painel: Aprendizagem ao Longo da Vida S\u00e9nior: experi\u00eancias, estrat\u00e9gias e contributos<\/strong><\/div><\/div><div class=\"gbt-timeline-event-content-wrapper\">\n<p><em>Modera\u00e7\u00e3o<\/em>: Daniela Barros (Univ. Aberta)<\/p>\n\n\n\n<ul class=\"wp-block-list\">\n<li>Experi\u00eancia do Programa 60+ Forma\u00e7\u00e3o S\u00e9nior \u2013 Lu\u00edsa Pimentel (Coordenadora do Programa Inst. Pol. Leiria)<\/li>\n\n\n\n<li>Experi\u00eancia M50 UL \u2013 Joana Soares (Coordenadora Projeto M50UL, Univ. Lisboa) <\/li>\n\n\n\n<li>ALV&#8217;s UTI&#8217;s: estrat\u00e9gias emergenciais em contexto pand\u00e9mico \u2013 Lu\u00eds Jacob (Presidente RUTIS)<\/li>\n\n\n\n<li>Contributos do b-learning no envelhecimento ativo \u2013 Sandro Jorge (CLA Madalena \/ Univ. Aberta)<\/li>\n<\/ul>\n<\/div><\/li>\n\n\n\n<li style=\"--timeline-color:#6a0716\"><div class=\"gbt-timeline-event-title-wrapper\"><div class=\"gbt-timeline-event-title time-title\"><strong>12h15 &#8211; ALMO\u00c7O<\/strong> (livre)<\/div><\/div><div class=\"gbt-timeline-event-content-wrapper\"><\/div><\/li>\n\n\n\n<li style=\"--timeline-color:#6a0716\"><div class=\"gbt-timeline-event-title-wrapper\"><div class=\"gbt-timeline-event-title time-title\"><strong>14h00 &#8211; Painel: Vari\u00e1veis da inclus\u00e3o e das literacias digitais<\/strong><\/div><\/div><div class=\"gbt-timeline-event-content-wrapper\">\n<p><em>Modera\u00e7\u00e3o<\/em>: Cla\u00fadia Neves (Univ.Aberta)<\/p>\n\n\n\n<ul class=\"wp-block-list\">\n<li>Seniores 4.0: Consequ\u00eancia das tecnologias emergentes &nbsp;\u2013&nbsp; Henrique Gil (Inst. Polit\u00e9cnico de Castelo Branco)<\/li>\n\n\n\n<li>Ferramentas digitais inclusivas &nbsp;\u2013 Ang\u00e9lica Monteiro (Univ. do Porto)<\/li>\n\n\n\n<li>As FAQ\u2019s da ciberseguran\u00e7a s\u00e9nior \u2013 Pedro Ferreira (Univ. do Porto)<\/li>\n<\/ul>\n<\/div><\/li>\n\n\n\n<li style=\"--timeline-color:#6a0716\"><div class=\"gbt-timeline-event-title-wrapper\"><div class=\"gbt-timeline-event-title time-title\"><strong>15h10 &#8211; Palestras<\/strong><\/div><\/div><div class=\"gbt-timeline-event-content-wrapper\">\n<p><em>Modera\u00e7\u00e3o<\/em>: Henrique S\u00e3o Mamede (Univ. Aberta)<\/p>\n\n\n\n<ul class=\"wp-block-list\">\n<li>As TIC como recurso mitigador das disfuncionalidades &#8211; Paula Castro (Sociedade Brasileira de Gerontecnologia)<\/li>\n\n\n\n<li>Envelhecer bem &#8211; uma nova forma de viver \u2013 Maria Jo\u00e3o Quintela (Soc. Port. Geriatria e Gerontologia)<\/li>\n<\/ul>\n<\/div><\/li>\n\n\n\n<li style=\"--timeline-color:#6a0716\"><div class=\"gbt-timeline-event-title-wrapper\"><div class=\"gbt-timeline-event-title time-title\"><strong>16h15 &#8211; Painel: Agenda smart ageing<\/strong><\/div><\/div><div class=\"gbt-timeline-event-content-wrapper\">\n<p><em>Modera\u00e7\u00e3o<\/em>: Domingos Caeiro (Vice-Reitor \/ Univ. Aberta)<\/p>\n\n\n\n<ul class=\"wp-block-list\">\n<li>Jo\u00e3o Albuquerque \u2013 Eurodeputado PS<\/li>\n\n\n\n<li>Ana Cl\u00e1udia Valente &#8211; ANQEP<\/li>\n\n\n\n<li>Diego Bernardini &#8211; Universidad Nacional de Mar del Plata, Argentina<\/li>\n<\/ul>\n<\/div><\/li>\n\n\n\n<li style=\"--timeline-color:#6a0716\"><div class=\"gbt-timeline-event-title-wrapper\"><div class=\"gbt-timeline-event-title time-title\"><strong>17h15 &#8211; Sess\u00e3o de encerramento<\/strong><\/div><\/div><div class=\"gbt-timeline-event-content-wrapper\">\n<p><\/p>\n\n\n\n<ul class=\"wp-block-list\">\n<li>Ant\u00f3nio Leite (Secret\u00e1rio de Estado da Educa\u00e7\u00e3o)<\/li>\n\n\n\n<li>Jos\u00e9 Sales (Vice-Reitor \/ Univ. Aberta)<\/li>\n<\/ul>\n<\/div><\/li>\n<\/ul><\/div>\n\n\n\n<p> <p><strong>Local:<\/strong><\/p><\/p>\n\n\n\n<p><p>Universidade Aberta, Pal\u00e1cio Ceia<\/p><span style=\"font-size: revert; color: initial;\">Rua da Escola Polit\u00e9cnica, 147<\/span>   <p>1269-001 Lisboa<\/p> <\/p>\n","protected":false},"excerpt":{"rendered":"| 26 maio 2023 | Local: Universidade Aberta, Pal\u00e1cio CeiaRua da Escola Polit\u00e9cnica, 147 1269-001 Lisboa","protected":false},"author":3,"featured_media":0,"parent":0,"menu_order":0,"comment_status":"closed","ping_status":"closed","template":"","meta":{"footnotes":""},"class_list":["post-1995","page","type-page","status-publish","hentry"],"_links":{"self":[{"href":"https:\/\/sites.uab.pt\/seminario-alv-senior-2023\/wp-json\/wp\/v2\/pages\/1995","targetHints":{"allow":["GET"]}}],"collection":[{"href":"https:\/\/sites.uab.pt\/seminario-alv-senior-2023\/wp-json\/wp\/v2\/pages"}],"about":[{"href":"https:\/\/sites.uab.pt\/seminario-alv-senior-2023\/wp-json\/wp\/v2\/types\/page"}],"author":[{"embeddable":true,"href":"https:\/\/sites.uab.pt\/seminario-alv-senior-2023\/wp-json\/wp\/v2\/users\/3"}],"replies":[{"embeddable":true,"href":"https:\/\/sites.uab.pt\/seminario-alv-senior-2023\/wp-json\/wp\/v2\/comments?post=1995"}],"version-history":[{"count":15,"href":"https:\/\/sites.uab.pt\/seminario-alv-senior-2023\/wp-json\/wp\/v2\/pages\/1995\/revisions"}],"predecessor-version":[{"id":2132,"href":"https:\/\/sites.uab.pt\/seminario-alv-senior-2023\/wp-json\/wp\/v2\/pages\/1995\/revisions\/2132"}],"wp:attachment":[{"href":"https:\/\/sites.uab.pt\/seminario-alv-senior-2023\/wp-json\/wp\/v2\/media?parent=1995"}],"curies":[{"name":"wp","href":"https:\/\/api.w.org\/{rel}","templated":true}]}}