

{"id":172,"date":"2022-03-15T16:46:22","date_gmt":"2022-03-15T16:46:22","guid":{"rendered":"https:\/\/eventos.uab.pt\/wsd22\/?page_id=11"},"modified":"2026-04-02T22:12:38","modified_gmt":"2026-04-02T22:12:38","slug":"committees","status":"publish","type":"page","link":"https:\/\/sites.uab.pt\/wsd26\/committees\/","title":{"rendered":"Committees"},"content":{"rendered":"<table style=\"width: 631px;\" border=\"1\">\n<tbody>\n<tr style=\"height: 36px;\">\n<td style=\"width: 364px; height: 36px;\">\n<h1>Organizing Committee<\/h1>\n<\/td>\n<td style=\"width: 267px; height: 36px;\">\n<h1>Scientific Committee*<\/h1>\n<\/td>\n<\/tr>\n<tr style=\"height: 19px;\">\n<td style=\"width: 364px; height: 19px;\"><a href=\"https:\/\/cfe.uc.pt\/en\/lista-geral-dos-membros\/abdellah-khouz\/\">Abdellah Khouz<\/a> (UCA\/CFE-UAb, MA)<\/td>\n<td style=\"width: 267px; height: 19px;\">Ana Brochado (DINAMIA\u2019CET \/ UAb)<\/td>\n<\/tr>\n<tr style=\"height: 24px;\">\n<td style=\"width: 364px; height: 24px;\"><a href=\"http:\/\/buscatextual.cnpq.br\/buscatextual\/visualizacv.do\">D\u00f3ris Sayago<\/a> (CDS-UnB, BR)<\/td>\n<td style=\"width: 267px; height: 24px;\">Daniel Auguta <span class=\"outlook-search-highlight\" data-markjs=\"true\">Zacarias<\/span> (UEM)<\/td>\n<\/tr>\n<tr style=\"height: 24px;\">\n<td style=\"width: 364px; height: 24px;\"><a href=\"https:\/\/cfe.uc.pt\/lista-geral-dos-membros\/fatima-elbchari\/\">Fatima ElBchari<\/a> (UCA\/CFE-UAb, MA)<\/td>\n<td style=\"width: 267px; height: 24px;\">Diogo Vidal (CFE-UC-UAb)<\/td>\n<\/tr>\n<tr style=\"height: 24px;\">\n<td style=\"width: 364px; height: 24px;\"><a href=\"https:\/\/cfe.uc.pt\/en\/lista-geral-dos-membros\/joao-carrilho\/\">Jo\u00e3o Carrilho<\/a> (OMR\/CFE-UAb, MZ)<\/td>\n<td style=\"width: 267px; height: 24px;\">F\u00e1tima Alves (CFE-UC-UAb)<\/td>\n<\/tr>\n<tr style=\"height: 24px;\">\n<td style=\"width: 364px; height: 24px;\"><a href=\"https:\/\/cfe.uc.pt\/lista-geral-dos-membros\/joao-simao\/\">Jo\u00e3o Sim\u00e3o<\/a> (UAb-CFE, PT)<\/td>\n<td style=\"width: 267px; height: 24px;\">Idolgy dos Santos Mabunda (USave)<\/td>\n<\/tr>\n<tr style=\"height: 24px;\">\n<td style=\"width: 364px; height: 24px;\"><a href=\"https:\/\/cfe.uc.pt\/lista-geral-dos-membros\/jorge-trindade\/\">Jorge Trindade<\/a> (UAb-CFE, PT)<\/td>\n<td style=\"width: 267px; height: 24px;\">Jos\u00e9 Leandro Barros (CES-UC\/ICTE-IUL)<\/td>\n<\/tr>\n<tr style=\"height: 24px;\">\n<td style=\"width: 364px; height: 24px;\"><a href=\"https:\/\/cfe.uc.pt\/lista-geral-dos-membros\/marc-jacquinet\/\">Marc Jacquinet<\/a> (UAb-CFE, PT)<\/td>\n<td style=\"width: 267px; height: 24px;\">L\u00facio Sousa (CFE-UC-UAb)<\/td>\n<\/tr>\n<tr style=\"height: 19px;\">\n<td style=\"width: 364px; height: 19px;\">Mohamed Chaibi (UCA, MA)<\/td>\n<td style=\"width: 267px; height: 19px;\">Patr\u00edcia Abrantes (CEG\/IGOT-UL)<\/td>\n<\/tr>\n<tr style=\"height: 24px;\">\n<td style=\"width: 364px; height: 24px;\"><a href=\"https:\/\/ceg.igot.ulisboa.pt\/pessoas\/pedro-santos\">Pedro Pinto Santos<\/a> (IGOT-CEG, PT)<\/td>\n<td style=\"width: 267px; height: 24px;\">Pedro Pereira (CFE-UC-UAb)<\/td>\n<\/tr>\n<tr style=\"height: 24px;\">\n<td style=\"width: 364px; height: 24px;\"><a href=\"https:\/\/cfe.uc.pt\/lista-geral-dos-membros\/sandra-caeiro\/\">Sandra Caeiro<\/a> (UAb-CFE, PT)<\/td>\n<td style=\"width: 267px; height: 24px;\">Susana Pereira (CEGOT\/FLUL-UP)<\/td>\n<\/tr>\n<tr style=\"height: 24px;\">\n<td style=\"width: 364px; height: 24px;\"><a href=\"https:\/\/ceg.igot.ulisboa.pt\/pessoas\/sergio-oliveira\">S\u00e9rgio Cruz de Oliveira<\/a> (IGOT-CEG, PT)<\/td>\n<td style=\"width: 267px; height: 24px;\">\u00a0<\/td>\n<\/tr>\n<tr style=\"height: 24px;\">\n<td style=\"width: 364px; height: 24px;\"><a href=\"https:\/\/www.uc.pt\/en\/sesrg\/investigadores1\/zacarias-rungo\/\">Zacarias Rungo<\/a> (UNSave\/UAb-CFE, MZ)<\/td>\n<td style=\"width: 267px; height: 24px;\">\u00a0<\/td>\n<\/tr>\n<tr style=\"height: 24px;\">\n<td style=\"width: 364px; height: 24px;\">\u00a0<\/td>\n<td style=\"width: 267px; height: 24px;\">\u00a0<\/td>\n<\/tr>\n<tr style=\"height: 24px;\">\n<td style=\"width: 364px; height: 24px;\">\u00a0<\/td>\n<td style=\"width: 267px; height: 24px;\">* To be updated<\/td>\n<\/tr>\n<\/tbody>\n<\/table>\n\n\n<p><\/p>\n","protected":false},"excerpt":{"rendered":"Organizing Committee Scientific Committee* Abdellah Khouz (UCA\/CFE-UAb, MA) Ana Brochado (DINAMIA\u2019CET \/ UAb) D\u00f3ris Sayago (CDS-UnB, BR) Daniel Auguta Zacarias (UEM) Fatima ElBchari (UCA\/CFE-UAb, MA) Diogo Vidal (CFE-UC-UAb) Jo\u00e3o Carrilho (OMR\/CFE-UAb, MZ) F\u00e1tima Alves (CFE-UC-UAb) Jo\u00e3o Sim\u00e3o (UAb-CFE, PT) Idolgy &hellip; <a href=\"https:\/\/sites.uab.pt\/wsd26\/committees\/\">Continue reading <span class=\"meta-nav\">&rarr;<\/span><\/a>","protected":false},"author":123,"featured_media":0,"parent":0,"menu_order":0,"comment_status":"closed","ping_status":"closed","template":"","meta":{"footnotes":""},"class_list":["post-172","page","type-page","status-publish","hentry"],"_links":{"self":[{"href":"https:\/\/sites.uab.pt\/wsd26\/wp-json\/wp\/v2\/pages\/172","targetHints":{"allow":["GET"]}}],"collection":[{"href":"https:\/\/sites.uab.pt\/wsd26\/wp-json\/wp\/v2\/pages"}],"about":[{"href":"https:\/\/sites.uab.pt\/wsd26\/wp-json\/wp\/v2\/types\/page"}],"author":[{"embeddable":true,"href":"https:\/\/sites.uab.pt\/wsd26\/wp-json\/wp\/v2\/users\/123"}],"replies":[{"embeddable":true,"href":"https:\/\/sites.uab.pt\/wsd26\/wp-json\/wp\/v2\/comments?post=172"}],"version-history":[{"count":10,"href":"https:\/\/sites.uab.pt\/wsd26\/wp-json\/wp\/v2\/pages\/172\/revisions"}],"predecessor-version":[{"id":451,"href":"https:\/\/sites.uab.pt\/wsd26\/wp-json\/wp\/v2\/pages\/172\/revisions\/451"}],"wp:attachment":[{"href":"https:\/\/sites.uab.pt\/wsd26\/wp-json\/wp\/v2\/media?parent=172"}],"curies":[{"name":"wp","href":"https:\/\/api.w.org\/{rel}","templated":true}]}}