{"id":143,"date":"2025-02-04T17:51:49","date_gmt":"2025-02-04T17:51:49","guid":{"rendered":"https:\/\/sites.uab.pt\/xvencontroredebraspor\/?page_id=143"},"modified":"2025-10-16T17:24:16","modified_gmt":"2025-10-16T17:24:16","slug":"xv-encontro-da-rede-braspor","status":"publish","type":"page","link":"https:\/\/sites.uab.pt\/xvencontroredebraspor\/","title":{"rendered":"XV Encontro da Rede BrasPor"},"content":{"rendered":"\n<div class=\"wp-block-group alignfull has-global-padding is-layout-constrained wp-block-group-is-layout-constrained\">\n<div class=\"wp-block-group alignfull is-content-justification-space-between is-layout-flex wp-container-core-group-is-layout-a4f0df5d wp-block-group-is-layout-flex\" style=\"padding-top:var(--wp--preset--spacing--30);padding-right:var(--wp--preset--spacing--30);padding-bottom:var(--wp--preset--spacing--30);padding-left:var(--wp--preset--spacing--30)\">\n<div class=\"wp-block-group is-layout-flex wp-container-core-group-is-layout-7a92790e wp-block-group-is-layout-flex\"><div class=\"is-default-size wp-block-site-logo\"><a href=\"https:\/\/sites.uab.pt\/xvencontroredebraspor\/\" class=\"custom-logo-link\" rel=\"home\"><img loading=\"lazy\" decoding=\"async\" width=\"538\" height=\"136\" src=\"https:\/\/sites.uab.pt\/xvencontroredebraspor\/wp-content\/uploads\/sites\/64\/2025\/02\/logoUab.jpg\" class=\"custom-logo\" alt=\"XV Encontro da Rede BrasPor &#8211; Cultura oce\u00e2nica &#8211; clima, sustentabilidade e gest\u00e3o de recursos, 21 a 25 de Outubro\" srcset=\"https:\/\/sites.uab.pt\/xvencontroredebraspor\/wp-content\/uploads\/sites\/64\/2025\/02\/logoUab.jpg 538w, https:\/\/sites.uab.pt\/xvencontroredebraspor\/wp-content\/uploads\/sites\/64\/2025\/02\/logoUab-300x76.jpg 300w\" sizes=\"auto, (max-width: 538px) 100vw, 538px\" \/><\/a><\/div>\n\n\n<div class=\"wp-block-group is-vertical is-layout-flex wp-container-core-group-is-layout-30a70405 wp-block-group-is-layout-flex\"><h1 class=\"has-link-color wp-elements-234e57400cf5587740bb7caa261d6fc4 wp-block-site-title has-medium-font-size\"><a href=\"https:\/\/sites.uab.pt\/xvencontroredebraspor\" target=\"_self\" rel=\"home\">XV Encontro da Rede BrasPor &#8211; Cultura oce\u00e2nica &#8211; clima, sustentabilidade e gest\u00e3o de recursos, 21 a 25 de Outubro<\/a><\/h1><\/div>\n<\/div>\n<\/div>\n<\/div>\n\n\n\n<p><strong>Para participa\u00e7\u00e3o virtual\/remota, clique aqui: <a href=\"https:\/\/teams.microsoft.com\/l\/meetup-join\/19%3ameeting_NmQ2ZDIwMjYtNzk3ZS00OTQ1LWIwNDQtOWEyNjA4MjM5NDYw%40thread.v2\/0?context=%7b%22Tid%22%3a%2258e31257-f77f-4d58-9705-d0b6ea0f9ee4%22%2c%22Oid%22%3a%22f63d4263-0986-4777-bcf3-4327161f5c89%22%7d\" target=\"_blank\" rel=\"noreferrer noopener\">XV Encontro da Rede BrasPor | Ingresso na Reuni\u00e3o | Microsoft Teams<\/a><\/strong><\/p>\n\n\n\n<figure class=\"wp-block-image size-full\"><img loading=\"lazy\" decoding=\"async\" width=\"505\" height=\"900\" src=\"https:\/\/sites.uab.pt\/xvencontroredebraspor\/wp-content\/uploads\/sites\/64\/2025\/10\/Cultura-Oceanica_InstaStory-3.jpg\" alt=\"\" class=\"wp-image-289\" srcset=\"https:\/\/sites.uab.pt\/xvencontroredebraspor\/wp-content\/uploads\/sites\/64\/2025\/10\/Cultura-Oceanica_InstaStory-3.jpg 505w, https:\/\/sites.uab.pt\/xvencontroredebraspor\/wp-content\/uploads\/sites\/64\/2025\/10\/Cultura-Oceanica_InstaStory-3-168x300.jpg 168w\" sizes=\"auto, (max-width: 505px) 100vw, 505px\" \/><\/figure>\n\n\n\n<div style=\"height:43px\" aria-hidden=\"true\" class=\"wp-block-spacer\"><\/div>\n\n\n\n<p>O XV Encontro da Rede BrasPor reunir\u00e1 especialistas e investigadores para debater a cultura oce\u00e2nica sob as perspectivas do clima, da sustentabilidade e da gest\u00e3o de recursos.<\/p>\n\n\n\n<p>O evento busca promover uma reflex\u00e3o interdisciplinar sobre os desafios que envolvem a conserva\u00e7\u00e3o dos oceanos e sua rela\u00e7\u00e3o com as mudan\u00e7as clim\u00e1ticas, o uso sustent\u00e1vel de seus recursos e a integra\u00e7\u00e3o de pol\u00edticas p\u00fablicas voltadas para a preserva\u00e7\u00e3o do meio ambiente marinho. Este encontro \u00e9 uma oportunidade para trocar conhecimentos e fortalecer a coopera\u00e7\u00e3o cient\u00edfica com o objetivo de fomentar solu\u00e7\u00f5es inovadoras e sustent\u00e1veis.<\/p>\n\n\n\n<p>O XV Encontro ser\u00e1 realizado em <strong>formato h\u00edbrido (presencial e online) a partir do Porto, Portugal, entre 21 e 25 de outubro de 2025<\/strong>.<\/p>\n\n\n\n<p>O evento decorre <strong>sem custos<\/strong> de participa\u00e7\u00e3o e dar\u00e1 origem a certificado de participa\u00e7\u00e3o e\/ou apresenta\u00e7\u00e3o de trabalhos.<\/p>\n\n\n\n<div style=\"height:48px\" aria-hidden=\"true\" class=\"wp-block-spacer\"><\/div>\n\n\n\n<h2 class=\"wp-block-heading\"><strong>Cronograma<\/strong><\/h2>\n\n\n\n<figure class=\"wp-block-table\"><table class=\"has-fixed-layout\"><tbody><tr><td>Atividades<\/td><td>Lan\u00e7amento<\/td><td>Prazo Final<\/td><\/tr><\/tbody><\/table><\/figure>\n\n\n\n<figure class=\"wp-block-table\"><table class=\"has-fixed-layout\"><tbody><tr><td><a href=\"https:\/\/sites.uab.pt\/xvencontroredebraspor\/inscricoes-e-normas\/\" data-type=\"page\" data-id=\"151\">Chamada para trabalhos<\/a><\/td><td>15 de fevereiro de 2025<\/td><td>25 de abril de 2025 [prazo estendido]<\/td><\/tr><tr><td><a href=\"https:\/\/sites.uab.pt\/xvencontroredebraspor\/inscricoes-e-normas\/\" data-type=\"page\" data-id=\"151\">Inscri\u00e7\u00f5es sem apresenta\u00e7\u00e3o de trabalho<\/a><\/td><td>15 de fevereiro de 2025<\/td><td>30 de setembro de 2025<\/td><\/tr><tr><td><a href=\"https:\/\/sites.uab.pt\/xvencontroredebraspor\/inscricoes-e-normas\/\" data-type=\"page\" data-id=\"151\">Aceite\/Recusa dos trabalhos<\/a><\/td><td>30 de mar\u00e7o de 2025<\/td><td>15 de maio de 2025<\/td><\/tr><tr><td><a href=\"https:\/\/sites.uab.pt\/xvencontroredebraspor\/programa\/\" data-type=\"page\" data-id=\"157\">Programa<\/a><\/td><td>Dispon\u00edvel<\/td><td>Dispon\u00edvel<\/td><\/tr><\/tbody><\/table><\/figure>\n\n\n\n<div style=\"height:11px\" aria-hidden=\"true\" class=\"wp-block-spacer\"><\/div>\n\n\n\n<div class=\"wp-block-group alignfull has-global-padding is-layout-constrained wp-container-core-group-is-layout-08655630 wp-block-group-is-layout-constrained\" style=\"margin-top:0;margin-bottom:0;padding-top:var(--wp--preset--spacing--80);padding-bottom:var(--wp--preset--spacing--80)\">\n<div class=\"wp-block-group alignwide is-layout-flow wp-block-group-is-layout-flow\">\n<p class=\"has-text-align-center is-style-text-display is-style-text-display--1\" style=\"font-style:normal;font-weight:400\">D\u00favidas? <br><a href=\"#\" rel=\"nofollow\">Entre em contacto conosco:<\/a><\/p>\n\n\n\n<p><\/p>\n\n\n\n<p class=\"has-text-align-center is-style-text-display is-style-text-display--2\" style=\"font-style:normal;font-weight:400\"><a href=\"#\" rel=\"nofollow\"> xvencontroredebraspor@gmail.com<\/a><\/p>\n\n\n\n<div style=\"height:var(--wp--preset--spacing--40)\" aria-hidden=\"true\" class=\"wp-block-spacer\"><\/div>\n<\/div>\n<\/div>\n","protected":false},"excerpt":{"rendered":"Para participa\u00e7\u00e3o virtual\/remota, clique aqui: XV Encontro da Rede BrasPor | Ingresso na Reuni\u00e3o | Microsoft Teams O XV Encontro da Rede BrasPor reunir\u00e1 especialistas e investigadores para debater a cultura oce\u00e2nica sob as perspectivas do clima, da sustentabilidade e da gest\u00e3o de recursos. O evento busca promover uma reflex\u00e3o interdisciplinar sobre os desafios que [&hellip;]","protected":false},"author":143,"featured_media":0,"parent":0,"menu_order":0,"comment_status":"closed","ping_status":"closed","template":"","meta":{"footnotes":""},"class_list":["post-143","page","type-page","status-publish","hentry"],"_links":{"self":[{"href":"https:\/\/sites.uab.pt\/xvencontroredebraspor\/wp-json\/wp\/v2\/pages\/143","targetHints":{"allow":["GET"]}}],"collection":[{"href":"https:\/\/sites.uab.pt\/xvencontroredebraspor\/wp-json\/wp\/v2\/pages"}],"about":[{"href":"https:\/\/sites.uab.pt\/xvencontroredebraspor\/wp-json\/wp\/v2\/types\/page"}],"author":[{"embeddable":true,"href":"https:\/\/sites.uab.pt\/xvencontroredebraspor\/wp-json\/wp\/v2\/users\/143"}],"replies":[{"embeddable":true,"href":"https:\/\/sites.uab.pt\/xvencontroredebraspor\/wp-json\/wp\/v2\/comments?post=143"}],"version-history":[{"count":12,"href":"https:\/\/sites.uab.pt\/xvencontroredebraspor\/wp-json\/wp\/v2\/pages\/143\/revisions"}],"predecessor-version":[{"id":306,"href":"https:\/\/sites.uab.pt\/xvencontroredebraspor\/wp-json\/wp\/v2\/pages\/143\/revisions\/306"}],"wp:attachment":[{"href":"https:\/\/sites.uab.pt\/xvencontroredebraspor\/wp-json\/wp\/v2\/media?parent=143"}],"curies":[{"name":"wp","href":"https:\/\/api.w.org\/{rel}","templated":true}]}}