{"id":151,"date":"2025-02-04T17:59:08","date_gmt":"2025-02-04T17:59:08","guid":{"rendered":"https:\/\/sites.uab.pt\/xvencontroredebraspor\/?page_id=151"},"modified":"2025-10-16T17:25:47","modified_gmt":"2025-10-16T17:25:47","slug":"inscricoes-e-normas","status":"publish","type":"page","link":"https:\/\/sites.uab.pt\/xvencontroredebraspor\/inscricoes-e-normas\/","title":{"rendered":"Inscri\u00e7\u00f5es"},"content":{"rendered":"\n<div class=\"wp-block-group alignfull has-global-padding is-layout-constrained wp-container-core-group-is-layout-0c9c989a wp-block-group-is-layout-constrained\" style=\"min-height:0vh;margin-top:0;margin-bottom:0;padding-top:var(--wp--preset--spacing--70);padding-right:var(--wp--preset--spacing--40);padding-bottom:var(--wp--preset--spacing--70);padding-left:var(--wp--preset--spacing--40)\">\n<div class=\"wp-block-group has-global-padding is-layout-constrained wp-container-core-group-is-layout-346627ba wp-block-group-is-layout-constrained\">\n<h2 class=\"wp-block-heading has-text-align-center has-xx-large-font-size\" style=\"margin-right:0;margin-left:0;padding-right:0;padding-left:0\">Data limite: 25 de abril de 2025 [Extens\u00e3o do prazo]<\/h2>\n\n\n\n<p><\/p>\n\n\n\n<p>Est\u00e1 aberta a chamada para a apresenta\u00e7\u00e3o de trabalhos para o XV Encontro da Rede BRASPOR&nbsp; a realizar em formato h\u00edbrido (presencial e online) a partir do Porto, Portugal, entre 21 e 25 de outubro de 2025.<\/p>\n\n\n\n<p>O evento decorre sem custos de participa\u00e7\u00e3o e dar\u00e1 origem a certificado de participa\u00e7\u00e3o e\/ou apresenta\u00e7\u00e3o de trabalhos.<\/p>\n\n\n\n<p class=\"has-text-align-center\">\u200b<strong>Procedimentos e Prazos<\/strong>:<\/p>\n\n\n\n<p>\u200b&nbsp;&#8211; Inserir a proposta nas \u00e1reas tem\u00e1ticas da Rede BRASPOR <a href=\"https:\/\/www.redebraspor.org\/ate.html\" target=\"_blank\" rel=\"noreferrer noopener\">https:\/\/www.redebraspor.org\/ate.html<\/a> ;\u200b<\/p>\n\n\n\n<p>&nbsp;&#8211; Os trabalhos podem ser apresentados em portugu\u00eas, ingl\u00eas ou espanhol, embora a l\u00edngua oficial do Encontro seja o portugu\u00eas;<\/p>\n\n\n\n<p>\u200b&nbsp;&#8211; <strong>Inscri\u00e7\u00f5es[prazo estendido] at\u00e9 25 de abril de 2025 (Obrigat\u00f3rio)<\/strong>, utilize este link:<\/p>\n\n\n\n<div class=\"wp-block-buttons is-content-justification-center is-layout-flex wp-container-core-buttons-is-layout-a89b3969 wp-block-buttons-is-layout-flex\">\n<div class=\"wp-block-button\"><a class=\"wp-block-button__link wp-element-button\" href=\"https:\/\/forms.gle\/tuHmuN6r1RshhtHG6\"><strong>Inscri\u00e7\u00f5es<br>Clique aqui<\/strong><\/a><\/div>\n<\/div>\n\n\n\n<p>\u200b&nbsp;&#8211; O resultado da pr\u00e9-sele\u00e7\u00e3o ser\u00e1 comunicado at\u00e9 15 de maio de 2025;<\/p>\n\n\n\n<p>\u200b\u00a0&#8211; A apresenta\u00e7\u00e3o dos trabalhos (5 a 7 minutos) ser\u00e1 realizada de forma s\u00edncrona, presencialmente ou via hiperliga\u00e7\u00e3o Teams: <br><br><strong>Para participa\u00e7\u00e3o virtual\/remota, clique aqui: <a href=\"https:\/\/teams.microsoft.com\/l\/meetup-join\/19%3ameeting_NmQ2ZDIwMjYtNzk3ZS00OTQ1LWIwNDQtOWEyNjA4MjM5NDYw%40thread.v2\/0?context=%7b%22Tid%22%3a%2258e31257-f77f-4d58-9705-d0b6ea0f9ee4%22%2c%22Oid%22%3a%22f63d4263-0986-4777-bcf3-4327161f5c89%22%7d\" target=\"_blank\" rel=\"noreferrer noopener\">XV Encontro da Rede BrasPor | Ingresso na Reuni\u00e3o | Microsoft Teams<\/a><\/strong><\/p>\n<\/div>\n<\/div>\n\n\n\n<p class=\"has-text-align-center\">\u200b<strong>Inscri\u00e7\u00f5es sem apresenta\u00e7\u00e3o de  trabalho<\/strong>:<\/p>\n\n\n\n<p><\/p>\n\n\n\n<div class=\"wp-block-buttons alignwide is-content-justification-center is-layout-flex wp-container-core-buttons-is-layout-a89b3969 wp-block-buttons-is-layout-flex\">\n<div class=\"wp-block-button\"><a class=\"wp-block-button__link wp-element-button\" href=\"https:\/\/forms.gle\/tuHmuN6r1RshhtHG6\"><strong>Inscri\u00e7\u00f5es sem apresenta\u00e7\u00e3o de trabalho<\/strong> <br><strong>Clique aqui<\/strong><\/a><\/div>\n<\/div>\n\n\n\n<p><\/p>\n\n\n\n<p class=\"has-text-align-center\">Qualquer quest\u00e3o pode ser enviada para: <\/p>\n\n\n\n<p class=\"has-text-align-center\"><a href=\"mailto:xvencontroredebraspor@gmail.com\">xvencontroredebraspor@gmail.com<\/a><\/p>\n","protected":false},"excerpt":{"rendered":"Data limite: 25 de abril de 2025 [Extens\u00e3o do prazo] Est\u00e1 aberta a chamada para a apresenta\u00e7\u00e3o de trabalhos para o XV Encontro da Rede BRASPOR&nbsp; a realizar em formato h\u00edbrido (presencial e online) a partir do Porto, Portugal, entre 21 e 25 de outubro de 2025. O evento decorre sem custos de participa\u00e7\u00e3o e [&hellip;]","protected":false},"author":143,"featured_media":0,"parent":0,"menu_order":0,"comment_status":"closed","ping_status":"closed","template":"","meta":{"footnotes":""},"class_list":["post-151","page","type-page","status-publish","hentry"],"_links":{"self":[{"href":"https:\/\/sites.uab.pt\/xvencontroredebraspor\/wp-json\/wp\/v2\/pages\/151","targetHints":{"allow":["GET"]}}],"collection":[{"href":"https:\/\/sites.uab.pt\/xvencontroredebraspor\/wp-json\/wp\/v2\/pages"}],"about":[{"href":"https:\/\/sites.uab.pt\/xvencontroredebraspor\/wp-json\/wp\/v2\/types\/page"}],"author":[{"embeddable":true,"href":"https:\/\/sites.uab.pt\/xvencontroredebraspor\/wp-json\/wp\/v2\/users\/143"}],"replies":[{"embeddable":true,"href":"https:\/\/sites.uab.pt\/xvencontroredebraspor\/wp-json\/wp\/v2\/comments?post=151"}],"version-history":[{"count":10,"href":"https:\/\/sites.uab.pt\/xvencontroredebraspor\/wp-json\/wp\/v2\/pages\/151\/revisions"}],"predecessor-version":[{"id":307,"href":"https:\/\/sites.uab.pt\/xvencontroredebraspor\/wp-json\/wp\/v2\/pages\/151\/revisions\/307"}],"wp:attachment":[{"href":"https:\/\/sites.uab.pt\/xvencontroredebraspor\/wp-json\/wp\/v2\/media?parent=151"}],"curies":[{"name":"wp","href":"https:\/\/api.w.org\/{rel}","templated":true}]}}