{"id":178,"date":"2025-02-04T21:30:04","date_gmt":"2025-02-04T21:30:04","guid":{"rendered":"https:\/\/sites.uab.pt\/xvencontroredebraspor\/?page_id=178"},"modified":"2025-07-11T16:30:41","modified_gmt":"2025-07-11T16:30:41","slug":"organizacao","status":"publish","type":"page","link":"https:\/\/sites.uab.pt\/xvencontroredebraspor\/organizacao\/","title":{"rendered":"Organiza\u00e7\u00e3o"},"content":{"rendered":"\n<div class=\"wp-block-cover alignfull is-light wp-duotone-3b84a830-ffffff-1\" style=\"min-height:212px;aspect-ratio:unset;\"><img loading=\"lazy\" decoding=\"async\" width=\"1472\" height=\"832\" class=\"wp-block-cover__image-background wp-image-182\" alt=\"\" src=\"https:\/\/sites.uab.pt\/xvencontroredebraspor\/wp-content\/uploads\/sites\/64\/2025\/02\/Braspor-2.png\" data-object-fit=\"cover\" srcset=\"https:\/\/sites.uab.pt\/xvencontroredebraspor\/wp-content\/uploads\/sites\/64\/2025\/02\/Braspor-2.png 1472w, https:\/\/sites.uab.pt\/xvencontroredebraspor\/wp-content\/uploads\/sites\/64\/2025\/02\/Braspor-2-300x170.png 300w, https:\/\/sites.uab.pt\/xvencontroredebraspor\/wp-content\/uploads\/sites\/64\/2025\/02\/Braspor-2-1024x579.png 1024w, https:\/\/sites.uab.pt\/xvencontroredebraspor\/wp-content\/uploads\/sites\/64\/2025\/02\/Braspor-2-768x434.png 768w\" sizes=\"auto, (max-width: 1472px) 100vw, 1472px\" \/><span aria-hidden=\"true\" class=\"wp-block-cover__background has-background-dim\" style=\"background-color:#cadcdb\"><\/span><div class=\"wp-block-cover__inner-container has-global-padding is-layout-constrained wp-block-cover-is-layout-constrained\">\n<figure class=\"wp-block-image size-full\"><img loading=\"lazy\" decoding=\"async\" width=\"847\" height=\"72\" src=\"https:\/\/sites.uab.pt\/xvencontroredebraspor\/wp-content\/uploads\/sites\/64\/2025\/02\/teste-removebg-preview.png\" alt=\"\" class=\"wp-image-183\" srcset=\"https:\/\/sites.uab.pt\/xvencontroredebraspor\/wp-content\/uploads\/sites\/64\/2025\/02\/teste-removebg-preview.png 847w, https:\/\/sites.uab.pt\/xvencontroredebraspor\/wp-content\/uploads\/sites\/64\/2025\/02\/teste-removebg-preview-300x26.png 300w, https:\/\/sites.uab.pt\/xvencontroredebraspor\/wp-content\/uploads\/sites\/64\/2025\/02\/teste-removebg-preview-768x65.png 768w\" sizes=\"auto, (max-width: 847px) 100vw, 847px\" \/><\/figure>\n<\/div><\/div>\n\n\n\n<p class=\"has-text-align-center\"><strong>Presidentes:<\/strong><\/p>\n\n\n\n<p>Maria Ros\u00e1rio Bastos CITCEM \u2013 UP &amp; Universidade Aberta (Portugal)\u200b<\/p>\n\n\n\n<p>Oleg\u00e1rio Pereira MARE &amp; ARNET \u2013 FCT, &amp; Universidade Aberta (Portugal)<\/p>\n\n\n\n<p>Monique Palma &#8211; CIUHCT \u2013 FCT, &amp; Universidade Aberta (Portugal)<\/p>\n\n\n\n<p class=\"has-text-align-center\"><strong>Membros:<\/strong><\/p>\n\n\n\n<p>Ana Cristina Roque CH-FLUL, Universidade de Lisboa (Portugal)<\/p>\n\n\n\n<p>Jo\u00e3o M. Alveirinho Dias CIMA \u2013 UAlg, Universidade do Algarve (Portugal)<\/p>\n\n\n\n<p>Jos\u00e9 Ant\u00f3nio Porf\u00edrio \u2013 Universidade Aberta (Portugal)<\/p>\n\n\n\n<p>Lu\u00eds Cancela da Fonseca \u2013 MARE &amp; ARNET \u2013 Universidade de Lisboa (Portugal)<\/p>\n\n\n\n<p>Carla Pereira \u2013 Universidade Aberta (Portugal)<\/p>\n\n\n\n<p>S\u00e9rgio Lira \u2013 CLEPUL \u2013 Centro de Literaturas e Culturas Lus\u00f3fonas e Europeias, Universidade de Lisboa &amp; Green Lines Instituto para o Desenvolvimento Sustent\u00e1vel (Portugal)<\/p>\n\n\n\n<p>Tiago Canhota \u2013 Universidade Aberta (Portugal)<\/p>\n\n\n\n<div style=\"height:55px\" aria-hidden=\"true\" class=\"wp-block-spacer\"><\/div>\n\n\n\n<div class=\"wp-block-cover alignfull is-light wp-duotone-3b84a830-ffffff-2\" style=\"min-height:212px;aspect-ratio:unset;\"><img loading=\"lazy\" decoding=\"async\" width=\"1472\" height=\"832\" class=\"wp-block-cover__image-background wp-image-182\" alt=\"\" src=\"https:\/\/sites.uab.pt\/xvencontroredebraspor\/wp-content\/uploads\/sites\/64\/2025\/02\/Braspor-2.png\" data-object-fit=\"cover\" srcset=\"https:\/\/sites.uab.pt\/xvencontroredebraspor\/wp-content\/uploads\/sites\/64\/2025\/02\/Braspor-2.png 1472w, https:\/\/sites.uab.pt\/xvencontroredebraspor\/wp-content\/uploads\/sites\/64\/2025\/02\/Braspor-2-300x170.png 300w, https:\/\/sites.uab.pt\/xvencontroredebraspor\/wp-content\/uploads\/sites\/64\/2025\/02\/Braspor-2-1024x579.png 1024w, https:\/\/sites.uab.pt\/xvencontroredebraspor\/wp-content\/uploads\/sites\/64\/2025\/02\/Braspor-2-768x434.png 768w\" sizes=\"auto, (max-width: 1472px) 100vw, 1472px\" \/><span aria-hidden=\"true\" class=\"wp-block-cover__background has-background-dim\" style=\"background-color:#cadcdb\"><\/span><div class=\"wp-block-cover__inner-container has-global-padding is-layout-constrained wp-block-cover-is-layout-constrained\">\n<figure class=\"wp-block-image size-full is-resized\"><img loading=\"lazy\" decoding=\"async\" width=\"415\" height=\"79\" src=\"https:\/\/sites.uab.pt\/xvencontroredebraspor\/wp-content\/uploads\/sites\/64\/2025\/02\/Ccfinal-removebg-preview.png\" alt=\"\" class=\"wp-image-186\" style=\"width:305px;height:auto\" srcset=\"https:\/\/sites.uab.pt\/xvencontroredebraspor\/wp-content\/uploads\/sites\/64\/2025\/02\/Ccfinal-removebg-preview.png 415w, https:\/\/sites.uab.pt\/xvencontroredebraspor\/wp-content\/uploads\/sites\/64\/2025\/02\/Ccfinal-removebg-preview-300x57.png 300w\" sizes=\"auto, (max-width: 415px) 100vw, 415px\" \/><\/figure>\n<\/div><\/div>\n\n\n\n<div class=\"wp-block-columns is-layout-flex wp-container-core-columns-is-layout-28f84493 wp-block-columns-is-layout-flex\">\n<div class=\"wp-block-column is-layout-flow wp-block-column-is-layout-flow\" style=\"flex-basis:100%\"><\/div>\n<\/div>\n\n\n\n<p>Ana Catarina Abrantes Garcia &#8211; CHAM, NOVA FCSH (Portugal)<\/p>\n\n\n\n<p>Ana Cristina Roque &#8211; CH-FLUL, Universidade de Lisboa (Portugal)<\/p>\n\n\n\n<p>Antonieta Rodrigues &#8211; Universidade Estadual do Rio de Janeiro (Brasil)<\/p>\n\n\n\n<p>Ant\u00f4nio Klein &#8211; Universidade Federal de Santa Catarina (Brasil)<\/p>\n\n\n\n<p>Carlos Pereira da Silva &#8211; CICS.NOVA, NOVA FCSH (Portugal)<\/p>\n\n\n\n<p>Danielle Sequeira Garcez &#8211; Universidade Federal do Cear\u00e1 (Brasil)<\/p>\n\n\n\n<p>Davis Pereira de Paula &#8211; Universidade Federal do Cear\u00e1 (Brasil)<\/p>\n\n\n\n<p>Eduardo Kirinus &#8211; Universidade Federal do Paran\u00e1 (Brasil)<\/p>\n\n\n\n<p>Emiliano Castro de Oliveira &#8211; Universidade Federal de S\u00e3o Paulo (Brasil)<\/p>\n\n\n\n<p>Fabiano Bracht &#8211; Universidade de S\u00e3o Paulo (Brasil)<\/p>\n\n\n\n<p>Felipe N\u00f3brega &#8211; Universidade Federal do Rio Grande (Brasil)<\/p>\n\n\n\n<p>Gisele C. Concei\u00e7\u00e3o &#8211; Universidade de S\u00e3o Paulo (Brasil)<\/p>\n\n\n\n<p>Joana Gaspar de Freitas &#8211; CH-FLUL, Universidade de Lisboa (Portugal)<\/p>\n\n\n\n<p>Jo\u00e3o M. Alveirinho Dias &#8211; CIMA, Universidade do Algarve (Portugal)<\/p>\n\n\n\n<p>Lu\u00eds Cancela da Fonseca &#8211; MARE &amp; ARNET, Universidade de Lisboa (Portugal)<\/p>\n\n\n\n<p>Lu\u00edsa Schmidt \u2013 ICS, Universidade de Lisboa (Portugal)<\/p>\n\n\n\n<p>Maria Ros\u00e1rio Bastos &#8211; CITCEM-UP &amp; Universidade Aberta (Portugal)<\/p>\n\n\n\n<p>Mariana Galera Soler \u2013 CIUHCT, Faculdade de Ci\u00eancias ULisboa (Portugal)<\/p>\n\n\n\n<p>Marina \u00c9vora \u2013 ICArEHB \u2013 UAlg, Universidade Aberta(Portugal)<\/p>\n\n\n\n<p>M\u00e1rio Luiz Gomes Soares &#8211; Universidade do Estado do Rio de Janeiro (Brasil)<\/p>\n\n\n\n<p>Miguel da Guia Albuquerque &#8211; Instituto Federal do Rio Grande do Sul (Brasil)<\/p>\n\n\n\n<p>S\u00e9rgio Bergamashi &#8211; Universidade do Estado do Rio de Janeiro (Brasil)<\/p>\n\n\n\n<p>S\u00e9rgio Lira \u2013 CLEPUL, Universidade de Lisboa &amp; Green Lines Instituto para o Desenvolvimento Sustent\u00e1vel (Portugal)<\/p>\n\n\n\n<p>Silvia Dias Pereira &#8211; Universidade Estadual do Rio de Janeiro (Brasil)<\/p>\n\n\n\n<div style=\"height:53px\" aria-hidden=\"true\" class=\"wp-block-spacer\"><\/div>\n\n\n\n<figure class=\"wp-block-image size-full is-resized\"><img loading=\"lazy\" decoding=\"async\" width=\"300\" height=\"220\" src=\"https:\/\/sites.uab.pt\/xvencontroredebraspor\/wp-content\/uploads\/sites\/64\/2025\/02\/Screenshot-2025-01-16-at-15-05-56-Rede-BRASPOR-Objetivos.png\" alt=\"\" class=\"wp-image-193\" style=\"width:309px;height:auto\"\/><\/figure>\n\n\n\n<p>A Rede BRASPOR visa criar novas sinergias entre pesquisadores \/ grupos de pesquisa dedicados ao estudo dos sistemas costeiros dos dois lados do Atl\u00e2ntico, imprimindo novas din\u00e2micas propiciadas por abordagens mais hol\u00edsticas que contemplem conjuntamente o meio natural e o Homem que o explora e modifica.<\/p>\n\n\n\n<p>Saiba mais sobre a Rede BrasPor:<\/p>\n\n\n\n<div class=\"wp-block-buttons is-content-justification-center is-layout-flex wp-container-core-buttons-is-layout-a89b3969 wp-block-buttons-is-layout-flex\">\n<div class=\"wp-block-button\"><a class=\"wp-block-button__link has-text-align-center wp-element-button\" href=\"https:\/\/www.redebraspor.org\/\">Rede BrasPor<br>Site<\/a><\/div>\n<\/div>\n\n\n\n<p><\/p>\n","protected":false},"excerpt":{"rendered":"Presidentes: Maria Ros\u00e1rio Bastos CITCEM \u2013 UP &amp; Universidade Aberta (Portugal)\u200b Oleg\u00e1rio Pereira MARE &amp; ARNET \u2013 FCT, &amp; Universidade Aberta (Portugal) Monique Palma &#8211; CIUHCT \u2013 FCT, &amp; Universidade Aberta (Portugal) Membros: Ana Cristina Roque CH-FLUL, Universidade de Lisboa (Portugal) Jo\u00e3o M. Alveirinho Dias CIMA \u2013 UAlg, Universidade do Algarve (Portugal) Jos\u00e9 Ant\u00f3nio Porf\u00edrio [&hellip;]","protected":false},"author":143,"featured_media":0,"parent":0,"menu_order":0,"comment_status":"closed","ping_status":"closed","template":"","meta":{"footnotes":""},"class_list":["post-178","page","type-page","status-publish","hentry"],"_links":{"self":[{"href":"https:\/\/sites.uab.pt\/xvencontroredebraspor\/wp-json\/wp\/v2\/pages\/178","targetHints":{"allow":["GET"]}}],"collection":[{"href":"https:\/\/sites.uab.pt\/xvencontroredebraspor\/wp-json\/wp\/v2\/pages"}],"about":[{"href":"https:\/\/sites.uab.pt\/xvencontroredebraspor\/wp-json\/wp\/v2\/types\/page"}],"author":[{"embeddable":true,"href":"https:\/\/sites.uab.pt\/xvencontroredebraspor\/wp-json\/wp\/v2\/users\/143"}],"replies":[{"embeddable":true,"href":"https:\/\/sites.uab.pt\/xvencontroredebraspor\/wp-json\/wp\/v2\/comments?post=178"}],"version-history":[{"count":10,"href":"https:\/\/sites.uab.pt\/xvencontroredebraspor\/wp-json\/wp\/v2\/pages\/178\/revisions"}],"predecessor-version":[{"id":268,"href":"https:\/\/sites.uab.pt\/xvencontroredebraspor\/wp-json\/wp\/v2\/pages\/178\/revisions\/268"}],"wp:attachment":[{"href":"https:\/\/sites.uab.pt\/xvencontroredebraspor\/wp-json\/wp\/v2\/media?parent=178"}],"curies":[{"name":"wp","href":"https:\/\/api.w.org\/{rel}","templated":true}]}}