{"id":239,"date":"2025-06-04T17:28:36","date_gmt":"2025-06-04T17:28:36","guid":{"rendered":"https:\/\/sites.uab.pt\/xvencontroredebraspor\/?page_id=239"},"modified":"2025-06-05T10:16:01","modified_gmt":"2025-06-05T10:16:01","slug":"localizacao","status":"publish","type":"page","link":"https:\/\/sites.uab.pt\/xvencontroredebraspor\/localizacao\/","title":{"rendered":"Local"},"content":{"rendered":"\n<div class=\"wp-block-group alignfull is-layout-flow wp-container-core-group-is-layout-f9cb6abc wp-block-group-is-layout-flow\" style=\"margin-top:0;margin-bottom:0\">\n<div class=\"wp-block-columns alignfull is-not-stacked-on-mobile is-layout-flex wp-container-core-columns-is-layout-e154fb6a wp-block-columns-is-layout-flex\" style=\"margin-top:0;margin-bottom:0;padding-top:var(--wp--preset--spacing--40);padding-right:var(--wp--preset--spacing--40);padding-bottom:var(--wp--preset--spacing--80);padding-left:var(--wp--preset--spacing--40)\">\n<div class=\"wp-block-column is-layout-flow wp-block-column-is-layout-flow\" style=\"flex-basis:66.66%\">\n<div class=\"wp-block-group is-vertical is-content-justification-stretch is-layout-flex wp-container-core-group-is-layout-7e003bba wp-block-group-is-layout-flex\">\n<h2 class=\"wp-block-heading has-text-align-center has-xx-large-font-size\"><span lang=\"es\">Delega\u00e7\u00e3o Regional do Porto (DRP) da Universidade Aberta<\/span><\/h2>\n\n\n\n<div style=\"height:36px\" aria-hidden=\"true\" class=\"wp-block-spacer wp-container-content-1b8dd66d\"><\/div>\n\n\n\n<p class=\"has-x-large-font-size\">Morada:<\/p>\n\n\n\n<p class=\"has-text-align-center\"><strong>Rua do Amial 752, 4200-055 Porto<\/strong><\/p>\n\n\n\n<div style=\"height:31px\" aria-hidden=\"true\" class=\"wp-block-spacer wp-container-content-38cd910e\"><\/div>\n\n\n\n<p><strong>Como Chegar:<\/strong><\/p>\n\n\n\n<p>Transportes P\u00fablicos<\/p>\n\n\n\n<p>A DRP \u00e9 servida pela linha 600 da STCP, ficando muito pr\u00f3xima da paragem Berlengas.<\/p>\n\n\n\n<p>Para facilitar a chegada ao local, recomendamos a utiliza\u00e7\u00e3o de recursos como o: <br><a href=\"https:\/\/shorturl.at\/hDb9e\"><em>Google maps<\/em><\/a> <\/p>\n\n\n\n<div style=\"height:28px\" aria-hidden=\"true\" class=\"wp-block-spacer wp-container-content-43ce77df\"><\/div>\n\n\n\n<p>Mais informa\u00e7\u00e3o, consulte o site:<\/p>\n\n\n\n<div class=\"wp-block-buttons is-content-justification-center is-layout-flex wp-container-core-buttons-is-layout-a89b3969 wp-block-buttons-is-layout-flex\">\n<div class=\"wp-block-button\"><a class=\"wp-block-button__link has-text-align-center wp-element-button\" href=\"https:\/\/portal.uab.pt\/delegacao-regional-do-porto\/\"><strong>DRP<\/strong><\/a><\/div>\n<\/div>\n<\/div>\n<\/div>\n\n\n\n<div class=\"wp-block-column is-layout-flow wp-block-column-is-layout-flow\" style=\"flex-basis:12vw\"><\/div>\n\n\n\n<div class=\"wp-block-column is-layout-flow wp-block-column-is-layout-flow\">\n<div class=\"wp-block-group is-content-justification-right is-nowrap is-layout-flex wp-container-core-group-is-layout-17124a9a wp-block-group-is-layout-flex\">\n<p class=\"has-text-align-left\" style=\"line-height:0.6;text-transform:uppercase;writing-mode:vertical-rl\">Delega\u00e7\u00e3o REgional do Porto &#8211; UAb<\/p>\n<\/div>\n<\/div>\n<\/div>\n<\/div>\n\n\n\n<p>Clique no mapa para aceder a hiperliga\u00e7\u00e3o do <em>Google maps<\/em><\/p>\n\n\n\n<figure class=\"wp-block-image alignwide size-large\"><a href=\"https:\/\/shorturl.at\/hDb9e\"><img loading=\"lazy\" decoding=\"async\" width=\"1024\" height=\"488\" src=\"https:\/\/sites.uab.pt\/xvencontroredebraspor\/wp-content\/uploads\/sites\/64\/2025\/06\/maps-1024x488.jpg\" alt=\"\" class=\"wp-image-240\" srcset=\"https:\/\/sites.uab.pt\/xvencontroredebraspor\/wp-content\/uploads\/sites\/64\/2025\/06\/maps-1024x488.jpg 1024w, https:\/\/sites.uab.pt\/xvencontroredebraspor\/wp-content\/uploads\/sites\/64\/2025\/06\/maps-300x143.jpg 300w, https:\/\/sites.uab.pt\/xvencontroredebraspor\/wp-content\/uploads\/sites\/64\/2025\/06\/maps-768x366.jpg 768w, https:\/\/sites.uab.pt\/xvencontroredebraspor\/wp-content\/uploads\/sites\/64\/2025\/06\/maps-1536x733.jpg 1536w, https:\/\/sites.uab.pt\/xvencontroredebraspor\/wp-content\/uploads\/sites\/64\/2025\/06\/maps.jpg 1715w\" sizes=\"auto, (max-width: 1024px) 100vw, 1024px\" \/><\/a><figcaption class=\"wp-element-caption\">Imagem dispon\u00edvel em: Google maps <a href=\"https:\/\/shorturl.at\/hDb9e\">https:\/\/shorturl.at\/hDb9e<\/a><\/figcaption><\/figure>\n","protected":false},"excerpt":{"rendered":"Delega\u00e7\u00e3o Regional do Porto (DRP) da Universidade Aberta Morada: Rua do Amial 752, 4200-055 Porto Como Chegar: Transportes P\u00fablicos A DRP \u00e9 servida pela linha 600 da STCP, ficando muito pr\u00f3xima da paragem Berlengas. Para facilitar a chegada ao local, recomendamos a utiliza\u00e7\u00e3o de recursos como o: Google maps Mais informa\u00e7\u00e3o, consulte o site: Delega\u00e7\u00e3o [&hellip;]","protected":false},"author":143,"featured_media":0,"parent":0,"menu_order":5,"comment_status":"closed","ping_status":"closed","template":"","meta":{"footnotes":""},"class_list":["post-239","page","type-page","status-publish","hentry"],"_links":{"self":[{"href":"https:\/\/sites.uab.pt\/xvencontroredebraspor\/wp-json\/wp\/v2\/pages\/239","targetHints":{"allow":["GET"]}}],"collection":[{"href":"https:\/\/sites.uab.pt\/xvencontroredebraspor\/wp-json\/wp\/v2\/pages"}],"about":[{"href":"https:\/\/sites.uab.pt\/xvencontroredebraspor\/wp-json\/wp\/v2\/types\/page"}],"author":[{"embeddable":true,"href":"https:\/\/sites.uab.pt\/xvencontroredebraspor\/wp-json\/wp\/v2\/users\/143"}],"replies":[{"embeddable":true,"href":"https:\/\/sites.uab.pt\/xvencontroredebraspor\/wp-json\/wp\/v2\/comments?post=239"}],"version-history":[{"count":4,"href":"https:\/\/sites.uab.pt\/xvencontroredebraspor\/wp-json\/wp\/v2\/pages\/239\/revisions"}],"predecessor-version":[{"id":249,"href":"https:\/\/sites.uab.pt\/xvencontroredebraspor\/wp-json\/wp\/v2\/pages\/239\/revisions\/249"}],"wp:attachment":[{"href":"https:\/\/sites.uab.pt\/xvencontroredebraspor\/wp-json\/wp\/v2\/media?parent=239"}],"curies":[{"name":"wp","href":"https:\/\/api.w.org\/{rel}","templated":true}]}}