{"id":270,"date":"2025-08-05T14:34:54","date_gmt":"2025-08-05T14:34:54","guid":{"rendered":"https:\/\/sites.uab.pt\/xvencontroredebraspor\/?page_id=270"},"modified":"2025-08-05T14:51:49","modified_gmt":"2025-08-05T14:51:49","slug":"livro-de-resumos","status":"publish","type":"page","link":"https:\/\/sites.uab.pt\/xvencontroredebraspor\/livro-de-resumos\/","title":{"rendered":"Livro de Resumos"},"content":{"rendered":"\n<div style=\"height:36px\" aria-hidden=\"true\" class=\"wp-block-spacer\"><\/div>\n\n\n\n<blockquote class=\"wp-block-quote is-layout-flow wp-block-quote-is-layout-flow\">\n<p>Est\u00e1 dispon\u00edvel o livro de resumos das apresenta\u00e7\u00f5es ao:<br>XV Encontro da Rede Braspor &#8211; Cultura oce\u00e2nica<strong> <\/strong>&#8211; clima, sustentabilidade e gest\u00e3o de recursos<\/p>\n\n\n\n<p>\u00c9 com satisfa\u00e7\u00e3o que convidamos todos os interessados a consultar o livro:<\/p>\n<\/blockquote>\n\n\n\n<div style=\"height:36px\" aria-hidden=\"true\" class=\"wp-block-spacer\"><\/div>\n\n\n\n<div data-wp-interactive=\"core\/file\" class=\"wp-block-file\"><object data-wp-bind--hidden=\"!state.hasPdfPreview\" hidden class=\"wp-block-file__embed\" data=\"https:\/\/sites.uab.pt\/xvencontroredebraspor\/wp-content\/uploads\/sites\/64\/2025\/08\/Livro-de-Resumos-XV-Braspor-1.pdf\" type=\"application\/pdf\" style=\"width:100%;height:600px\" aria-label=\"Incorpora\u00e7\u00e3o de Livro de Resumos XV Braspor.\"><\/object><a id=\"wp-block-file--media-5f207ad2-18ec-4a4b-87ca-5c7583baeeec\" href=\"https:\/\/sites.uab.pt\/xvencontroredebraspor\/wp-content\/uploads\/sites\/64\/2025\/08\/Livro-de-Resumos-XV-Braspor-1.pdf\">Livro de Resumos XV Braspor<\/a><a href=\"https:\/\/sites.uab.pt\/xvencontroredebraspor\/wp-content\/uploads\/sites\/64\/2025\/08\/Livro-de-Resumos-XV-Braspor-1.pdf\" class=\"wp-block-file__button wp-element-button\" download aria-describedby=\"wp-block-file--media-5f207ad2-18ec-4a4b-87ca-5c7583baeeec\">Descarregar<\/a><\/div>\n","protected":false},"excerpt":{"rendered":"Est\u00e1 dispon\u00edvel o livro de resumos das apresenta\u00e7\u00f5es ao:XV Encontro da Rede Braspor &#8211; Cultura oce\u00e2nica &#8211; clima, sustentabilidade e gest\u00e3o de recursos \u00c9 com satisfa\u00e7\u00e3o que convidamos todos os interessados a consultar o livro:","protected":false},"author":143,"featured_media":0,"parent":0,"menu_order":0,"comment_status":"closed","ping_status":"closed","template":"","meta":{"footnotes":""},"class_list":["post-270","page","type-page","status-publish","hentry"],"_links":{"self":[{"href":"https:\/\/sites.uab.pt\/xvencontroredebraspor\/wp-json\/wp\/v2\/pages\/270","targetHints":{"allow":["GET"]}}],"collection":[{"href":"https:\/\/sites.uab.pt\/xvencontroredebraspor\/wp-json\/wp\/v2\/pages"}],"about":[{"href":"https:\/\/sites.uab.pt\/xvencontroredebraspor\/wp-json\/wp\/v2\/types\/page"}],"author":[{"embeddable":true,"href":"https:\/\/sites.uab.pt\/xvencontroredebraspor\/wp-json\/wp\/v2\/users\/143"}],"replies":[{"embeddable":true,"href":"https:\/\/sites.uab.pt\/xvencontroredebraspor\/wp-json\/wp\/v2\/comments?post=270"}],"version-history":[{"count":2,"href":"https:\/\/sites.uab.pt\/xvencontroredebraspor\/wp-json\/wp\/v2\/pages\/270\/revisions"}],"predecessor-version":[{"id":275,"href":"https:\/\/sites.uab.pt\/xvencontroredebraspor\/wp-json\/wp\/v2\/pages\/270\/revisions\/275"}],"wp:attachment":[{"href":"https:\/\/sites.uab.pt\/xvencontroredebraspor\/wp-json\/wp\/v2\/media?parent=270"}],"curies":[{"name":"wp","href":"https:\/\/api.w.org\/{rel}","templated":true}]}}