{"id":313,"date":"2025-11-17T15:01:34","date_gmt":"2025-11-17T15:01:34","guid":{"rendered":"https:\/\/sites.uab.pt\/xvencontroredebraspor\/?page_id=313"},"modified":"2026-03-16T13:58:43","modified_gmt":"2026-03-16T13:58:43","slug":"chamada-para-submissao-de-trabalhos","status":"publish","type":"page","link":"https:\/\/sites.uab.pt\/xvencontroredebraspor\/chamada-para-submissao-de-trabalhos\/","title":{"rendered":"Chamada para submiss\u00e3o de trabalhos"},"content":{"rendered":"\n<div class=\"wp-block-group alignfull is-style-section-1 has-global-padding is-layout-constrained wp-container-core-group-is-layout-cdf985e3 wp-block-group-is-layout-constrained is-style-section-1--1\" style=\"min-height:100vh;margin-top:0;margin-bottom:0;padding-top:var(--wp--preset--spacing--80);padding-right:var(--wp--preset--spacing--80);padding-bottom:var(--wp--preset--spacing--80);padding-left:var(--wp--preset--spacing--80)\">\n<div class=\"wp-block-columns alignwide are-vertically-aligned-center is-layout-flex wp-container-core-columns-is-layout-643ced6b wp-block-columns-is-layout-flex\">\n<div class=\"wp-block-column is-vertically-aligned-center is-layout-flow wp-block-column-is-layout-flow\">\n<figure class=\"wp-block-image aligncenter size-full has-custom-border\"><img loading=\"lazy\" decoding=\"async\" width=\"505\" height=\"900\" src=\"https:\/\/sites.uab.pt\/xvencontroredebraspor\/wp-content\/uploads\/sites\/64\/2025\/11\/Cultura-Oceanica_InstaStory.jpg\" alt=\"\" class=\"wp-image-314\" style=\"border-top-left-radius:150px;border-bottom-right-radius:150px;object-fit:cover\" srcset=\"https:\/\/sites.uab.pt\/xvencontroredebraspor\/wp-content\/uploads\/sites\/64\/2025\/11\/Cultura-Oceanica_InstaStory.jpg 505w, https:\/\/sites.uab.pt\/xvencontroredebraspor\/wp-content\/uploads\/sites\/64\/2025\/11\/Cultura-Oceanica_InstaStory-168x300.jpg 168w\" sizes=\"auto, (max-width: 505px) 100vw, 505px\" \/><\/figure>\n<\/div>\n\n\n\n<div class=\"wp-block-column is-vertically-aligned-center is-layout-flow wp-block-column-is-layout-flow\">\n<div class=\"wp-block-group is-vertical is-content-justification-stretch is-layout-flex wp-container-core-group-is-layout-353c4f5a wp-block-group-is-layout-flex\">\n<h2 class=\"wp-block-heading has-text-align-left\"><strong>Chamada para submiss\u00e3o de trabalhos para o XV Tomo da Rede BrasPor<\/strong><\/h2>\n\n\n\n<p>Chamada aberta para membros associados e n\u00e3o-associados a Rede BrasPor. <strong>A submiss\u00e3o n\u00e3o requer ter participado com apresenta\u00e7\u00e3o de trabalho no XV Encontro da Rede BrasPor<\/strong>.O artigo submetido deve, obrigatoriamente, estar alinhado com os objetivos da rede.<\/p>\n\n\n\n<p><strong>Prazo de Submiss\u00e3o (Prorrogado &#8211; \u00faltima oportunidade): 31 de mar\u00e7o de 2026<\/strong><\/p>\n\n\n\n<p>Informamos ainda que o <strong>email <\/strong>para onde dever\u00e3o enviar os artigos \u00e9: <strong>brasporartigos@gmail.com.<\/strong><\/p>\n\n\n\n<p>O trabalho a submeter dever\u00e1 rondar as 20 p\u00e1ginas A4 e pautar-se pelas normas que seguem abaixo.<\/p>\n\n\n\n<p>Confiram as publica\u00e7\u00f5es anteriores em: <a href=\"https:\/\/www.redebraspor.org\/liv.html\">https:\/\/www.redebraspor.org\/liv.html<\/a><\/p>\n\n\n\n<p>Para mais informa\u00e7\u00f5es, confira as normas de publica\u00e7\u00e3o e, em caso de d\u00favidas, n\u00e3o hesite em entrar em contacto.<\/p>\n\n\n\n<p><\/p>\n<\/div>\n<\/div>\n<\/div>\n<\/div>\n\n\n\n<div style=\"height:37px\" aria-hidden=\"true\" class=\"wp-block-spacer\"><\/div>\n\n\n\n<p class=\"has-text-align-center\"><strong>Normas para submiss\u00e3o de cap\u00edtulos para o XV Tomo da Rede BrasPor<\/strong><\/p>\n\n\n\n<div style=\"height:32px\" aria-hidden=\"true\" class=\"wp-block-spacer\"><\/div>\n\n\n\n<div data-wp-interactive=\"core\/file\" class=\"wp-block-file\"><object data-wp-bind--hidden=\"!state.hasPdfPreview\" hidden class=\"wp-block-file__embed\" data=\"https:\/\/sites.uab.pt\/xvencontroredebraspor\/wp-content\/uploads\/sites\/64\/2025\/11\/Normas_Submissoes_Livro_BRASPOR2026-1.pdf\" type=\"application\/pdf\" style=\"width:100%;height:600px\" aria-label=\"Incorpora\u00e7\u00e3o de Normas BrasPor 2026.\"><\/object><a id=\"wp-block-file--media-1bcd47d5-33cb-4beb-91c4-8c886fd6af79\" href=\"https:\/\/sites.uab.pt\/xvencontroredebraspor\/wp-content\/uploads\/sites\/64\/2025\/11\/Normas_Submissoes_Livro_BRASPOR2026-1.pdf\">Normas BrasPor 2026<\/a><a href=\"https:\/\/sites.uab.pt\/xvencontroredebraspor\/wp-content\/uploads\/sites\/64\/2025\/11\/Normas_Submissoes_Livro_BRASPOR2026-1.pdf\" class=\"wp-block-file__button wp-element-button\" download aria-describedby=\"wp-block-file--media-1bcd47d5-33cb-4beb-91c4-8c886fd6af79\">Descarregar<\/a><\/div>\n\n\n\n<p><\/p>\n","protected":false},"excerpt":{"rendered":"Chamada para submiss\u00e3o de trabalhos para o XV Tomo da Rede BrasPor Chamada aberta para membros associados e n\u00e3o-associados a Rede BrasPor. A submiss\u00e3o n\u00e3o requer ter participado com apresenta\u00e7\u00e3o de trabalho no XV Encontro da Rede BrasPor.O artigo submetido deve, obrigatoriamente, estar alinhado com os objetivos da rede. Prazo de Submiss\u00e3o (Prorrogado &#8211; \u00faltima [&hellip;]","protected":false},"author":143,"featured_media":0,"parent":0,"menu_order":0,"comment_status":"closed","ping_status":"closed","template":"","meta":{"footnotes":""},"class_list":["post-313","page","type-page","status-publish","hentry"],"_links":{"self":[{"href":"https:\/\/sites.uab.pt\/xvencontroredebraspor\/wp-json\/wp\/v2\/pages\/313","targetHints":{"allow":["GET"]}}],"collection":[{"href":"https:\/\/sites.uab.pt\/xvencontroredebraspor\/wp-json\/wp\/v2\/pages"}],"about":[{"href":"https:\/\/sites.uab.pt\/xvencontroredebraspor\/wp-json\/wp\/v2\/types\/page"}],"author":[{"embeddable":true,"href":"https:\/\/sites.uab.pt\/xvencontroredebraspor\/wp-json\/wp\/v2\/users\/143"}],"replies":[{"embeddable":true,"href":"https:\/\/sites.uab.pt\/xvencontroredebraspor\/wp-json\/wp\/v2\/comments?post=313"}],"version-history":[{"count":6,"href":"https:\/\/sites.uab.pt\/xvencontroredebraspor\/wp-json\/wp\/v2\/pages\/313\/revisions"}],"predecessor-version":[{"id":327,"href":"https:\/\/sites.uab.pt\/xvencontroredebraspor\/wp-json\/wp\/v2\/pages\/313\/revisions\/327"}],"wp:attachment":[{"href":"https:\/\/sites.uab.pt\/xvencontroredebraspor\/wp-json\/wp\/v2\/media?parent=313"}],"curies":[{"name":"wp","href":"https:\/\/api.w.org\/{rel}","templated":true}]}}